{"id":152,"date":"2018-01-24T19:21:17","date_gmt":"2018-01-24T18:21:17","guid":{"rendered":"https:\/\/pro-medicus.org\/?page_id=152"},"modified":"2021-10-13T22:31:10","modified_gmt":"2021-10-13T20:31:10","slug":"impressum","status":"publish","type":"page","link":"https:\/\/pro-medicus.org\/index.php\/impressum\/","title":{"rendered":"Impressum"},"content":{"rendered":"<p>[et_pb_section fb_built=&#8221;1&#8243; fullwidth=&#8221;on&#8221; _builder_version=&#8221;3.0.95&#8243; global_module=&#8221;101&#8243;][et_pb_fullwidth_slider _builder_version=&#8221;3.16&#8243; auto=&#8221;on&#8221; auto_speed=&#8221;4500&#8243; box_shadow_style=&#8221;preset6&#8243; box_shadow_blur=&#8221;10px&#8221; box_shadow_color=&#8221;rgba(0,0,0,0.1)&#8221; show_inner_shadow=&#8221;on&#8221; button_text_size__hover_enabled=&#8221;off&#8221; button_one_text_size__hover_enabled=&#8221;off&#8221; button_two_text_size__hover_enabled=&#8221;off&#8221; button_text_color__hover_enabled=&#8221;off&#8221; button_one_text_color__hover_enabled=&#8221;off&#8221; button_two_text_color__hover_enabled=&#8221;off&#8221; button_border_width__hover_enabled=&#8221;off&#8221; button_one_border_width__hover_enabled=&#8221;off&#8221; button_two_border_width__hover_enabled=&#8221;off&#8221; button_border_color__hover_enabled=&#8221;off&#8221; button_one_border_color__hover_enabled=&#8221;off&#8221; button_two_border_color__hover_enabled=&#8221;off&#8221; button_border_radius__hover_enabled=&#8221;off&#8221; button_one_border_radius__hover_enabled=&#8221;off&#8221; button_two_border_radius__hover_enabled=&#8221;off&#8221; button_letter_spacing__hover_enabled=&#8221;off&#8221; button_one_letter_spacing__hover_enabled=&#8221;off&#8221; button_two_letter_spacing__hover_enabled=&#8221;off&#8221; button_bg_color__hover_enabled=&#8221;off&#8221; button_one_bg_color__hover_enabled=&#8221;off&#8221; button_two_bg_color__hover_enabled=&#8221;off&#8221;][et_pb_slide heading=&#8221;Pro-Medicus.org&#8221; use_bg_overlay=&#8221;on&#8221; bg_overlay_color=&#8221;rgba(0,0,0,0.48)&#8221; use_text_overlay=&#8221;off&#8221; arrows_custom_color=&#8221;#0c71c3&#8243; dot_nav_custom_color=&#8221;#0c71c3&#8243; _builder_version=&#8221;3.16&#8243; header_font=&#8221;Comfortaa||||||||&#8221; header_text_align=&#8221;center&#8221; header_font_size=&#8221;40&#8243; body_font=&#8221;Comfortaa||||||||&#8221; body_text_align=&#8221;center&#8221; body_text_color=&#8221;#ffffff&#8221; background_color=&#8221;#ffffff&#8221; background_image=&#8221;https:\/\/pro-medicus.org\/wp-content\/uploads\/2018\/01\/computer-1149148_1920.jpg&#8221; button_on_hover=&#8221;on&#8221; header_font_size_tablet=&#8221;40&#8243; header_font_size_phone=&#8221;40&#8243; body_font_size_tablet=&#8221;14&#8243; body_font_size_phone=&#8221;14&#8243; custom_css_before=&#8221;height:400px;&#8221; custom_css_main_element=&#8221;height:400px;&#8221; custom_css_after=&#8221;height:400px;&#8221; button_text_size__hover_enabled=&#8221;off&#8221; button_one_text_size__hover_enabled=&#8221;off&#8221; button_two_text_size__hover_enabled=&#8221;off&#8221; button_text_color__hover_enabled=&#8221;off&#8221; button_one_text_color__hover_enabled=&#8221;off&#8221; button_two_text_color__hover_enabled=&#8221;off&#8221; button_border_width__hover_enabled=&#8221;off&#8221; button_one_border_width__hover_enabled=&#8221;off&#8221; button_two_border_width__hover_enabled=&#8221;off&#8221; button_border_color__hover_enabled=&#8221;off&#8221; button_one_border_color__hover_enabled=&#8221;off&#8221; button_two_border_color__hover_enabled=&#8221;off&#8221; button_border_radius__hover_enabled=&#8221;off&#8221; button_one_border_radius__hover_enabled=&#8221;off&#8221; button_two_border_radius__hover_enabled=&#8221;off&#8221; button_letter_spacing__hover_enabled=&#8221;off&#8221; button_one_letter_spacing__hover_enabled=&#8221;off&#8221; button_two_letter_spacing__hover_enabled=&#8221;off&#8221; button_bg_color__hover_enabled=&#8221;off&#8221; button_one_bg_color__hover_enabled=&#8221;off&#8221; button_two_bg_color__hover_enabled=&#8221;off&#8221;]<\/p>\n<p>Dzia\u0142a ponad 15 lat w bran\u017cy medycznej, pomog\u0142a licznym lekarzom z Polski, wielu z nich po uko\u0144czeniu specjalizacji zajmuje kierownicze stanowiska w szko\u0142ach i klinikach niemieckich<\/p>\n<p>[\/et_pb_slide][et_pb_slide heading=&#8221;Pro-Medicus.org&#8221; use_bg_overlay=&#8221;on&#8221; bg_overlay_color=&#8221;rgba(0,0,0,0.48)&#8221; use_text_overlay=&#8221;off&#8221; arrows_custom_color=&#8221;#0c71c3&#8243; dot_nav_custom_color=&#8221;#0c71c3&#8243; _builder_version=&#8221;3.16&#8243; header_font=&#8221;Comfortaa||||||||&#8221; header_text_align=&#8221;center&#8221; header_font_size=&#8221;40&#8243; body_font=&#8221;Comfortaa||||||||&#8221; body_text_align=&#8221;center&#8221; body_text_color=&#8221;#ffffff&#8221; background_color=&#8221;#ffffff&#8221; background_image=&#8221;https:\/\/pro-medicus.org\/wp-content\/uploads\/2018\/01\/doctor-563429_1920.jpg&#8221; button_on_hover=&#8221;on&#8221; header_font_size_tablet=&#8221;40&#8243; header_font_size_phone=&#8221;40&#8243; body_font_size_tablet=&#8221;14&#8243; body_font_size_phone=&#8221;14&#8243; custom_css_before=&#8221;height:400px;&#8221; custom_css_main_element=&#8221;height:400px;&#8221; custom_css_after=&#8221;height:400px;&#8221; button_text_size__hover_enabled=&#8221;off&#8221; button_one_text_size__hover_enabled=&#8221;off&#8221; button_two_text_size__hover_enabled=&#8221;off&#8221; button_text_color__hover_enabled=&#8221;off&#8221; button_one_text_color__hover_enabled=&#8221;off&#8221; button_two_text_color__hover_enabled=&#8221;off&#8221; button_border_width__hover_enabled=&#8221;off&#8221; button_one_border_width__hover_enabled=&#8221;off&#8221; button_two_border_width__hover_enabled=&#8221;off&#8221; button_border_color__hover_enabled=&#8221;off&#8221; button_one_border_color__hover_enabled=&#8221;off&#8221; button_two_border_color__hover_enabled=&#8221;off&#8221; button_border_radius__hover_enabled=&#8221;off&#8221; button_one_border_radius__hover_enabled=&#8221;off&#8221; button_two_border_radius__hover_enabled=&#8221;off&#8221; button_letter_spacing__hover_enabled=&#8221;off&#8221; button_one_letter_spacing__hover_enabled=&#8221;off&#8221; button_two_letter_spacing__hover_enabled=&#8221;off&#8221; button_bg_color__hover_enabled=&#8221;off&#8221; button_one_bg_color__hover_enabled=&#8221;off&#8221; button_two_bg_color__hover_enabled=&#8221;off&#8221;]<\/p>\n<p>Dzia\u0142a ponad 15 lat w bran\u017cy medycznej, pomog\u0142a licznym lekarzom z Polski, wielu z nich po uko\u0144czeniu specjalizacji zajmuje kierownicze stanowiska w szko\u0142ach i klinikach niemieckich<\/p>\n<p>[\/et_pb_slide][et_pb_slide heading=&#8221;Pro-Medicus.org&#8221; use_bg_overlay=&#8221;on&#8221; bg_overlay_color=&#8221;rgba(0,0,0,0.48)&#8221; use_text_overlay=&#8221;off&#8221; arrows_custom_color=&#8221;#0c71c3&#8243; dot_nav_custom_color=&#8221;#0c71c3&#8243; _builder_version=&#8221;3.16&#8243; header_font=&#8221;Comfortaa||||||||&#8221; header_text_align=&#8221;center&#8221; header_font_size=&#8221;40&#8243; body_font=&#8221;Comfortaa||||||||&#8221; body_text_align=&#8221;center&#8221; body_text_color=&#8221;#ffffff&#8221; background_color=&#8221;#ffffff&#8221; background_image=&#8221;https:\/\/pro-medicus.org\/wp-content\/uploads\/2018\/01\/medical-563427_1920.jpg&#8221; button_on_hover=&#8221;on&#8221; header_font_size_tablet=&#8221;40&#8243; header_font_size_phone=&#8221;40&#8243; body_font_size_tablet=&#8221;14&#8243; body_font_size_phone=&#8221;14&#8243; custom_css_before=&#8221;height:400px;&#8221; custom_css_main_element=&#8221;height:400px;&#8221; custom_css_after=&#8221;height:400px;&#8221; button_text_size__hover_enabled=&#8221;off&#8221; button_one_text_size__hover_enabled=&#8221;off&#8221; button_two_text_size__hover_enabled=&#8221;off&#8221; button_text_color__hover_enabled=&#8221;off&#8221; button_one_text_color__hover_enabled=&#8221;off&#8221; button_two_text_color__hover_enabled=&#8221;off&#8221; button_border_width__hover_enabled=&#8221;off&#8221; button_one_border_width__hover_enabled=&#8221;off&#8221; button_two_border_width__hover_enabled=&#8221;off&#8221; button_border_color__hover_enabled=&#8221;off&#8221; button_one_border_color__hover_enabled=&#8221;off&#8221; button_two_border_color__hover_enabled=&#8221;off&#8221; button_border_radius__hover_enabled=&#8221;off&#8221; button_one_border_radius__hover_enabled=&#8221;off&#8221; button_two_border_radius__hover_enabled=&#8221;off&#8221; button_letter_spacing__hover_enabled=&#8221;off&#8221; button_one_letter_spacing__hover_enabled=&#8221;off&#8221; button_two_letter_spacing__hover_enabled=&#8221;off&#8221; button_bg_color__hover_enabled=&#8221;off&#8221; button_one_bg_color__hover_enabled=&#8221;off&#8221; button_two_bg_color__hover_enabled=&#8221;off&#8221;]<\/p>\n<p>Dzia\u0142a ponad 15 lat w bran\u017cy medycznej, pomog\u0142a licznym lekarzom z Polski, wielu z nich po uko\u0144czeniu specjalizacji zajmuje kierownicze stanowiska w szko\u0142ach i klinikach niemieckich<\/p>\n<p>[\/et_pb_slide][\/et_pb_fullwidth_slider][\/et_pb_section][et_pb_section fb_built=&#8221;1&#8243; _builder_version=&#8221;3.22&#8243;][et_pb_row _builder_version=&#8221;3.25&#8243; background_size=&#8221;initial&#8221; background_position=&#8221;top_left&#8221; background_repeat=&#8221;repeat&#8221;][et_pb_column type=&#8221;4_4&#8243; _builder_version=&#8221;3.25&#8243; custom_padding=&#8221;|||&#8221; custom_padding__hover=&#8221;|||&#8221;][et_pb_text _builder_version=&#8221;3.27.4&#8243;]<\/p>\n<p>KPM International Ltd. &amp; Co KG<br \/> <a href=\"https:\/\/maps.google.com\/?q=Wiesenweg+7+D-63500+Seligenstadt&amp;entry=gmail&amp;source=g\">Wiesenweg 7<\/a><br \/> <a href=\"https:\/\/maps.google.com\/?q=Wiesenweg+7+D-63500+Seligenstadt&amp;entry=gmail&amp;source=g\">D-63500 Seligenstadt<\/a><br clear=\"all\" \/><u><\/u><u><\/u><\/p>\n<p>Telefon\u00a0<a href=\"tel:+49%206182%208490612\" target=\"_blank\" rel=\"noopener noreferrer\">+49 6182 8490612<\/a><br \/> Telefax\u00a0<a href=\"tel:+49%206182%208490619\" target=\"_blank\" rel=\"noopener noreferrer\">+49 6182 8490619<\/a><br \/> E-Mail\u00a0<a href=\"mailto:kpm-international@arcor.de\" target=\"_blank\" rel=\"noopener noreferrer\">kpm-international@arcor.de<\/a><br clear=\"all\" \/><u><\/u><u><\/u><\/p>\n<p><a href=\"http:\/\/www.kpm-international.org\/\" target=\"_blank\" rel=\"noopener noreferrer\" data-saferedirecturl=\"https:\/\/www.google.com\/url?hl=pl&amp;q=http:\/\/www.kpm-international.org\/&amp;source=gmail&amp;ust=1516903992565000&amp;usg=AFQjCNGTnoS6lHxKG3bes5YYOCqPcea_Qw\">www.kpm-international.org<\/a><br \/> KPM International Ltd. &amp; Co KG<br \/> Handelsregister: AG Offenbach am Main HRA 41083<br \/> USt-IdNr.: DE258021951<u><\/u><u><\/u><\/p>\n<p>Pers\u00f6nlich haftende\u00a0Gesellschafterin:<\/p>\n<p> <span style=\"color: #606060;\">KPM International Limited<br \/><\/span><span style=\"color: #606060; font-size: 14px;\">The Picasso Building Caldervale Road<br \/><\/span><span style=\"color: #606060;\">Wakefield<br \/>West Yorkshire<br \/>WF1 5PF<\/span><\/p>\n<p>Vertretungsberechtigter Gesch\u00e4ftsf\u00fchrer: Krzysztof Adamczak<u><\/u><u><\/u><\/p>\n<p><u><\/u><u><\/u><\/p>\n<p><b>Haftungshinweis<br \/> <\/b>Trotz sorgf\u00e4ltiger inhaltlicher Kontrolle \u00fcbernehmen wir keine Haftung f\u00fcr die Inhalte externer Links. F\u00fcr den Inhalt der verlinkten Seiten sind ausschlie\u00dflich deren Betreiber verantwortlich.<\/p>\n<p>[\/et_pb_text][\/et_pb_column][\/et_pb_row][\/et_pb_section][et_pb_section fb_built=&#8221;1&#8243; fullwidth=&#8221;on&#8221; _builder_version=&#8221;3.0.95&#8243; global_module=&#8221;103&#8243;][et_pb_fullwidth_header _builder_version=&#8221;3.16&#8243; background_color=&#8221;rgba(255, 255, 255, 0)&#8221; background_image=&#8221;https:\/\/pro-medicus.org\/wp-content\/uploads\/2018\/01\/dentist-3069416_1920.jpg&#8221; parallax=&#8221;on&#8221; background_layout=&#8221;light&#8221; custom_css_before=&#8221;height:200px;&#8221; custom_css_main_element=&#8221;height:200px;&#8221; custom_css_after=&#8221;height:200px;&#8221; button_one_text_size__hover_enabled=&#8221;off&#8221; button_two_text_size__hover_enabled=&#8221;off&#8221; button_one_text_color__hover_enabled=&#8221;off&#8221; button_two_text_color__hover_enabled=&#8221;off&#8221; button_one_border_width__hover_enabled=&#8221;off&#8221; button_two_border_width__hover_enabled=&#8221;off&#8221; button_one_border_color__hover_enabled=&#8221;off&#8221; button_two_border_color__hover_enabled=&#8221;off&#8221; button_one_border_radius__hover_enabled=&#8221;off&#8221; button_two_border_radius__hover_enabled=&#8221;off&#8221; button_one_letter_spacing__hover_enabled=&#8221;off&#8221; button_two_letter_spacing__hover_enabled=&#8221;off&#8221; button_one_bg_color__hover_enabled=&#8221;off&#8221; button_two_bg_color__hover_enabled=&#8221;off&#8221;][\/et_pb_fullwidth_header][\/et_pb_section][et_pb_section fb_built=&#8221;1&#8243; _builder_version=&#8221;3.0.95&#8243; background_color=&#8221;#034ea2&#8243; global_module=&#8221;104&#8243;][et_pb_row _builder_version=&#8221;3.25&#8243; background_size=&#8221;initial&#8221; background_position=&#8221;top_left&#8221; background_repeat=&#8221;repeat&#8221;][et_pb_column type=&#8221;4_4&#8243; _builder_version=&#8221;3.25&#8243; custom_padding=&#8221;|||&#8221; custom_padding__hover=&#8221;|||&#8221;][et_pb_text _builder_version=&#8221;3.27.4&#8243; background_layout=&#8221;dark&#8221;]<\/p>\n<h2 style=\"text-align: center;\"><strong>KONTAKT<\/strong><\/h2>\n<p>[\/et_pb_text][\/et_pb_column][\/et_pb_row][et_pb_row _builder_version=&#8221;3.25&#8243; background_size=&#8221;initial&#8221; background_position=&#8221;top_left&#8221; background_repeat=&#8221;repeat&#8221; column_structure=&#8221;1_2,1_2&#8243;][et_pb_column type=&#8221;1_2&#8243; _builder_version=&#8221;3.25&#8243; custom_padding=&#8221;|||&#8221; custom_padding__hover=&#8221;|||&#8221;][et_pb_blurb title=&#8221;+48 602 813 298&#8243; use_icon=&#8221;on&#8221; font_icon=&#8221;%%264%%&#8221; icon_color=&#8221;#ffffff&#8221; use_icon_font_size=&#8221;on&#8221; icon_font_size=&#8221;65px&#8221; _builder_version=&#8221;3.0.95&#8243; header_level=&#8221;h2&#8243; text_orientation=&#8221;center&#8221; background_layout=&#8221;dark&#8221;][\/et_pb_blurb][\/et_pb_column][et_pb_column type=&#8221;1_2&#8243; _builder_version=&#8221;3.25&#8243; custom_padding=&#8221;|||&#8221; custom_padding__hover=&#8221;|||&#8221;][et_pb_blurb title=&#8221;info@pro-medicus.org&#8221; use_icon=&#8221;on&#8221; font_icon=&#8221;%%238%%&#8221; icon_color=&#8221;#ffffff&#8221; use_icon_font_size=&#8221;on&#8221; icon_font_size=&#8221;65px&#8221; _builder_version=&#8221;3.0.95&#8243; header_level=&#8221;h2&#8243; text_orientation=&#8221;center&#8221; background_layout=&#8221;dark&#8221;][\/et_pb_blurb][\/et_pb_column][\/et_pb_row][\/et_pb_section]<\/p>\n","protected":false},"excerpt":{"rendered":"<p>[et_pb_section fb_built=&#8221;1&#8243; fullwidth=&#8221;on&#8221; _builder_version=&#8221;3.0.95&#8243; global_module=&#8221;101&#8243;][et_pb_fullwidth_slider _builder_version=&#8221;3.16&#8243; auto=&#8221;on&#8221; auto_speed=&#8221;4500&#8243; box_shadow_style=&#8221;preset6&#8243; box_shadow_blur=&#8221;10px&#8221; box_shadow_color=&#8221;rgba(0,0,0,0.1)&#8221; show_inner_shadow=&#8221;on&#8221; button_text_size__hover_enabled=&#8221;off&#8221; button_one_text_size__hover_enabled=&#8221;off&#8221; button_two_text_size__hover_enabled=&#8221;off&#8221; button_text_color__hover_enabled=&#8221;off&#8221; button_one_text_color__hover_enabled=&#8221;off&#8221; button_two_text_color__hover_enabled=&#8221;off&#8221; button_border_width__hover_enabled=&#8221;off&#8221; button_one_border_width__hover_enabled=&#8221;off&#8221; button_two_border_width__hover_enabled=&#8221;off&#8221; button_border_color__hover_enabled=&#8221;off&#8221; button_one_border_color__hover_enabled=&#8221;off&#8221; button_two_border_color__hover_enabled=&#8221;off&#8221; button_border_radius__hover_enabled=&#8221;off&#8221; button_one_border_radius__hover_enabled=&#8221;off&#8221; button_two_border_radius__hover_enabled=&#8221;off&#8221; button_letter_spacing__hover_enabled=&#8221;off&#8221; button_one_letter_spacing__hover_enabled=&#8221;off&#8221; button_two_letter_spacing__hover_enabled=&#8221;off&#8221; button_bg_color__hover_enabled=&#8221;off&#8221; button_one_bg_color__hover_enabled=&#8221;off&#8221; button_two_bg_color__hover_enabled=&#8221;off&#8221;][et_pb_slide heading=&#8221;Pro-Medicus.org&#8221; use_bg_overlay=&#8221;on&#8221; bg_overlay_color=&#8221;rgba(0,0,0,0.48)&#8221; use_text_overlay=&#8221;off&#8221; arrows_custom_color=&#8221;#0c71c3&#8243; dot_nav_custom_color=&#8221;#0c71c3&#8243; _builder_version=&#8221;3.16&#8243; header_font=&#8221;Comfortaa||||||||&#8221; header_text_align=&#8221;center&#8221; header_font_size=&#8221;40&#8243; body_font=&#8221;Comfortaa||||||||&#8221; body_text_align=&#8221;center&#8221; body_text_color=&#8221;#ffffff&#8221; background_color=&#8221;#ffffff&#8221; background_image=&#8221;https:\/\/pro-medicus.org\/wp-content\/uploads\/2018\/01\/computer-1149148_1920.jpg&#8221; button_on_hover=&#8221;on&#8221; header_font_size_tablet=&#8221;40&#8243; header_font_size_phone=&#8221;40&#8243; body_font_size_tablet=&#8221;14&#8243; body_font_size_phone=&#8221;14&#8243; custom_css_before=&#8221;height:400px;&#8221; custom_css_main_element=&#8221;height:400px;&#8221; [&hellip;]<\/p>\n","protected":false},"author":1,"featured_media":0,"parent":0,"menu_order":0,"comment_status":"closed","ping_status":"closed","template":"","meta":{"_et_pb_use_builder":"on","_et_pb_old_content":"","_et_gb_content_width":"","footnotes":""},"class_list":["post-152","page","type-page","status-publish","hentry"],"_links":{"self":[{"href":"https:\/\/pro-medicus.org\/index.php\/wp-json\/wp\/v2\/pages\/152","targetHints":{"allow":["GET"]}}],"collection":[{"href":"https:\/\/pro-medicus.org\/index.php\/wp-json\/wp\/v2\/pages"}],"about":[{"href":"https:\/\/pro-medicus.org\/index.php\/wp-json\/wp\/v2\/types\/page"}],"author":[{"embeddable":true,"href":"https:\/\/pro-medicus.org\/index.php\/wp-json\/wp\/v2\/users\/1"}],"replies":[{"embeddable":true,"href":"https:\/\/pro-medicus.org\/index.php\/wp-json\/wp\/v2\/comments?post=152"}],"version-history":[{"count":5,"href":"https:\/\/pro-medicus.org\/index.php\/wp-json\/wp\/v2\/pages\/152\/revisions"}],"predecessor-version":[{"id":273,"href":"https:\/\/pro-medicus.org\/index.php\/wp-json\/wp\/v2\/pages\/152\/revisions\/273"}],"wp:attachment":[{"href":"https:\/\/pro-medicus.org\/index.php\/wp-json\/wp\/v2\/media?parent=152"}],"curies":[{"name":"wp","href":"https:\/\/api.w.org\/{rel}","templated":true}]}}